{"id":875,"date":"2023-01-05T10:45:59","date_gmt":"2023-01-05T10:45:59","guid":{"rendered":"https:\/\/wlmcanada.com\/?page_id=875"},"modified":"2023-05-25T08:43:30","modified_gmt":"2023-05-25T08:43:30","slug":"mentions-legales","status":"publish","type":"page","link":"https:\/\/wlmcanada.com\/en\/mentions-legales\/","title":{"rendered":"Mentions l\u00e9gales"},"content":{"rendered":"<div data-elementor-type=\"wp-page\" data-elementor-id=\"875\" class=\"elementor elementor-875\" data-elementor-settings=\"{&quot;element_pack_global_tooltip_width&quot;:{&quot;unit&quot;:&quot;px&quot;,&quot;size&quot;:&quot;&quot;,&quot;sizes&quot;:[]},&quot;element_pack_global_tooltip_width_tablet&quot;:{&quot;unit&quot;:&quot;px&quot;,&quot;size&quot;:&quot;&quot;,&quot;sizes&quot;:[]},&quot;element_pack_global_tooltip_width_mobile&quot;:{&quot;unit&quot;:&quot;px&quot;,&quot;size&quot;:&quot;&quot;,&quot;sizes&quot;:[]},&quot;element_pack_global_tooltip_padding&quot;:{&quot;unit&quot;:&quot;px&quot;,&quot;top&quot;:&quot;&quot;,&quot;right&quot;:&quot;&quot;,&quot;bottom&quot;:&quot;&quot;,&quot;left&quot;:&quot;&quot;,&quot;isLinked&quot;:true},&quot;element_pack_global_tooltip_padding_tablet&quot;:{&quot;unit&quot;:&quot;px&quot;,&quot;top&quot;:&quot;&quot;,&quot;right&quot;:&quot;&quot;,&quot;bottom&quot;:&quot;&quot;,&quot;left&quot;:&quot;&quot;,&quot;isLinked&quot;:true},&quot;element_pack_global_tooltip_padding_mobile&quot;:{&quot;unit&quot;:&quot;px&quot;,&quot;top&quot;:&quot;&quot;,&quot;right&quot;:&quot;&quot;,&quot;bottom&quot;:&quot;&quot;,&quot;left&quot;:&quot;&quot;,&quot;isLinked&quot;:true},&quot;element_pack_global_tooltip_border_radius&quot;:{&quot;unit&quot;:&quot;px&quot;,&quot;top&quot;:&quot;&quot;,&quot;right&quot;:&quot;&quot;,&quot;bottom&quot;:&quot;&quot;,&quot;left&quot;:&quot;&quot;,&quot;isLinked&quot;:true},&quot;element_pack_global_tooltip_border_radius_tablet&quot;:{&quot;unit&quot;:&quot;px&quot;,&quot;top&quot;:&quot;&quot;,&quot;right&quot;:&quot;&quot;,&quot;bottom&quot;:&quot;&quot;,&quot;left&quot;:&quot;&quot;,&quot;isLinked&quot;:true},&quot;element_pack_global_tooltip_border_radius_mobile&quot;:{&quot;unit&quot;:&quot;px&quot;,&quot;top&quot;:&quot;&quot;,&quot;right&quot;:&quot;&quot;,&quot;bottom&quot;:&quot;&quot;,&quot;left&quot;:&quot;&quot;,&quot;isLinked&quot;:true}}\" data-elementor-post-type=\"page\">\n\t\t\t\t\t\t<div class=\"elementor-section elementor-top-section elementor-element elementor-element-31ec7ddd elementor-section-boxed elementor-section-height-default elementor-section-height-default\" data-id=\"31ec7ddd\" data-element_type=\"section\" data-e-type=\"section\" data-settings=\"{&quot;background_background&quot;:&quot;classic&quot;}\">\n\t\t\t\t\t\t\t<div class=\"elementor-background-overlay\"><\/div>\n\t\t\t\t\t\t\t<div class=\"elementor-container elementor-column-gap-default\">\n\t\t\t\t\t<div class=\"elementor-column elementor-col-100 elementor-top-column elementor-element elementor-element-69569419\" data-id=\"69569419\" data-element_type=\"column\" data-e-type=\"column\">\n\t\t\t<div class=\"elementor-widget-wrap elementor-element-populated\">\n\t\t\t\t\t\t<div class=\"elementor-element elementor-element-260bf92d elementor-widget elementor-widget-heading\" data-id=\"260bf92d\" data-element_type=\"widget\" data-e-type=\"widget\" data-widget_type=\"heading.default\">\n\t\t\t\t<div class=\"elementor-widget-container\">\n\t\t\t\t\t<h1 class=\"elementor-heading-title elementor-size-default\">Mentions l\u00e9gales<\/h1>\t\t\t\t<\/div>\n\t\t\t\t<\/div>\n\t\t\t\t\t<\/div>\n\t\t<\/div>\n\t\t\t\t\t<\/div>\n\t\t<\/div>\n\t\t\t\t<section class=\"elementor-section elementor-top-section elementor-element elementor-element-40852f8 elementor-section-boxed elementor-section-height-default elementor-section-height-default\" data-id=\"40852f8\" data-element_type=\"section\" data-e-type=\"section\">\n\t\t\t\t\t\t<div class=\"elementor-container elementor-column-gap-default\">\n\t\t\t\t\t<div class=\"elementor-column elementor-col-100 elementor-top-column elementor-element elementor-element-9ffcd04\" data-id=\"9ffcd04\" data-element_type=\"column\" data-e-type=\"column\">\n\t\t\t<div class=\"elementor-widget-wrap elementor-element-populated\">\n\t\t\t\t\t\t<div class=\"elementor-element elementor-element-49de1dc elementor-widget elementor-widget-text-editor\" data-id=\"49de1dc\" data-element_type=\"widget\" data-e-type=\"widget\" data-widget_type=\"text-editor.default\">\n\t\t\t\t<div class=\"elementor-widget-container\">\n\t\t\t\t\t\t\t\t\t<p><span style=\"font-weight: 400;\">Le site www.wlmcanada.com (ci-apr\u00e8s le \u00ab site \u00bb) est \u00e9dit\u00e9 par WELCOME CANADA, experts en conseils, SIRET sous le num\u00e9ro 85245449500015.<\/span><\/p><p><span style=\"font-weight: 400;\">Si\u00e8ge social : 2 rue du chemin neuf , 32130 Samatan , France<\/span><\/p><p><span style=\"font-weight: 400;\">Adresse email : info@wlmcanada.com<\/span><\/p><h3><b>Editeur et publication du site<\/b><\/h3><p><span style=\"font-weight: 400;\">Le site https:\/\/www.wlmcanada.com\/ a \u00e9t\u00e9 con\u00e7u par WELCOME CANADA et appartient \u00e0 : WELCOME CANADA<\/span><\/p><h3><b>H\u00e9bergement du site<\/b><\/h3><p><span style=\"font-weight: 400;\">Le site https:\/\/www.wlmcanada.com\/ est h\u00e9berg\u00e9 par la soci\u00e9t\u00e9 IONOS<\/span><\/p><h3><b>D\u00e9veloppement du site<\/b><\/h3><p><span style=\"font-weight: 400;\">Le site <\/span><a href=\"https:\/\/wlmcanada.com\/en\/\"><span style=\"font-weight: 400;\">https:\/\/www.wlmcanada.com\/<\/span><\/a><span style=\"font-weight: 400;\"> a \u00e9t\u00e9 d\u00e9velopp\u00e9 par : SWILOWEB \u2013 N\u00ba SIREN : 807 995 238<\/span><\/p><h3><b>Gestion des donn\u00e9es personnelles<\/b><\/h3><p><span style=\"font-weight: 400;\">D\u2019une fa\u00e7on g\u00e9n\u00e9rale, vous pouvez visiter ce site sans avoir \u00e0 d\u00e9cliner votre identit\u00e9, ni fournir d\u2019informations personnelles. WELCOME CANADA collecte des informations provenant des visiteurs du site web au moyen de questionnaires pouvant figurer sur le site Internet. Ces informations permettent de r\u00e9pondre \u00e0 vos demandes d\u2019informations. Les informations personnelles qui sont ainsi collect\u00e9es se limitent \u00e0 celles qui sont n\u00e9cessaires pour vous contacter (tel que votre nom, pr\u00e9nom, l\u2019intitul\u00e9 de votre profession, citoyennet\u00e9, le nom et l\u2019adresse de votre soci\u00e9t\u00e9, e-mail, t\u00e9l\u00e9phone, ). D\u2019autres informations peuvent vous \u00eatre demand\u00e9es sur le site. En application des articles 39 et suivants de la loi du 6 janvier 1978 modifi\u00e9e, vous b\u00e9n\u00e9ficiez d\u2019un droit d\u2019acc\u00e8s et de rectification aux informations qui vous concernent.<\/span><\/p><h3><b>Propri\u00e9t\u00e9 intellectuelle \/ Copyright<\/b><\/h3><p><span style=\"font-weight: 400;\">Le site wlmcanada.com ainsi que les textes et les \u00e9l\u00e9ments notamment graphiques ou photographiques le composant sont la propri\u00e9t\u00e9 de WELCOME CANADA ou sont utilis\u00e9s par WELCOME CANADA avec l\u2019accord des titulaires des droits. Les images utilis\u00e9es sur le site wlmcanada.com sont toutes libres de droit et proviennent en majeure partie du site www.pexels.com. Toute reproduction ou utilisation non autoris\u00e9e peut entra\u00eener une violation des droits de propri\u00e9t\u00e9 intellectuelle, des droits \u00e0 l\u2019image ou des personnes, et fera l\u2019objet de poursuites judiciaires, conform\u00e9ment au Code de la propri\u00e9t\u00e9 intellectuelle (articles L.335-2 et suivants).<\/span><\/p><h3><b>Liens hypertextes<\/b><\/h3><p><span style=\"font-weight: 400;\">Les utilisateurs sont inform\u00e9s que les sites ext\u00e9rieurs auxquels ils peuvent acc\u00e9der par l\u2019interm\u00e9diaire des liens hypertextes n\u2019appartiennent pas \u00e0 WELCOME CANADA.<\/span><\/p><p><span style=\"font-weight: 400;\">WELCOME CANADA d\u00e9cline toute responsabilit\u00e9 quant au contenu des informations fournies sur ces sites au titre de l\u2019activation du lien.<\/span><\/p><h3><b>Questions<\/b><\/h3><p><span style=\"font-weight: 400;\">Pour toutes questions, veuillez nous contacter par email \u00e0 l\u2019adresse suivante: info@wlmcanada.com.<\/span><\/p>\t\t\t\t\t\t\t\t<\/div>\n\t\t\t\t<\/div>\n\t\t\t\t\t<\/div>\n\t\t<\/div>\n\t\t\t\t\t<\/div>\n\t\t<\/section>\n\t\t\t\t<section class=\"elementor-section elementor-top-section elementor-element elementor-element-8d40c4f elementor-section-boxed elementor-section-height-default elementor-section-height-default\" data-id=\"8d40c4f\" data-element_type=\"section\" data-e-type=\"section\" data-settings=\"{&quot;background_background&quot;:&quot;classic&quot;}\">\n\t\t\t\t\t\t<div class=\"elementor-container elementor-column-gap-default\">\n\t\t\t\t\t<div class=\"elementor-column elementor-col-100 elementor-top-column elementor-element elementor-element-2a7a678 animated-slow elementor-invisible\" data-id=\"2a7a678\" data-element_type=\"column\" data-e-type=\"column\" data-settings=\"{&quot;animation&quot;:&quot;fadeInDown&quot;,&quot;animation_delay&quot;:200}\">\n\t\t\t<div class=\"elementor-widget-wrap elementor-element-populated\">\n\t\t\t\t\t\t<div class=\"elementor-element elementor-element-23defed elementor-widget__width-initial elementor-widget-mobile__width-inherit elementor-widget-tablet__width-initial  ui-split-animate ui-splitby-chars elementor-widget elementor-widget-heading\" data-id=\"23defed\" data-element_type=\"widget\" data-e-type=\"widget\" data-settings=\"{&quot;ui_animate_split&quot;:&quot;ui-split-animate&quot;,&quot;ui_animate_split_by&quot;:&quot;chars&quot;,&quot;ui_animate_split_style&quot;:&quot;fadeInUp&quot;}\" data-widget_type=\"heading.default\">\n\t\t\t\t<div class=\"elementor-widget-container\">\n\t\t\t\t\t<h2 class=\"elementor-heading-title elementor-size-default\">Let's talk about your project<\/h2>\t\t\t\t<\/div>\n\t\t\t\t<\/div>\n\t\t\t\t<div class=\"elementor-element elementor-element-f8de82d elementor-widget elementor-widget-spacer\" data-id=\"f8de82d\" data-element_type=\"widget\" data-e-type=\"widget\" data-widget_type=\"spacer.default\">\n\t\t\t\t<div class=\"elementor-widget-container\">\n\t\t\t\t\t\t\t<div class=\"elementor-spacer\">\n\t\t\t<div class=\"elementor-spacer-inner\"><\/div>\n\t\t<\/div>\n\t\t\t\t\t\t<\/div>\n\t\t\t\t<\/div>\n\t\t\t\t<div class=\"elementor-element elementor-element-9d216c8 elementor-widget__width-initial elementor-widget-mobile__width-inherit elementor-widget elementor-widget-text-editor\" data-id=\"9d216c8\" data-element_type=\"widget\" data-e-type=\"widget\" data-widget_type=\"text-editor.default\">\n\t\t\t\t<div class=\"elementor-widget-container\">\n\t\t\t\t\t\t\t\t\t<p>Your legal and administrative procedures will never be an obstacle to your life goals again! <span style=\"font-weight: 400;\">So don't hesitate any longer and come try the adventure with us, Canada is waiting for you!<\/span><\/p>\t\t\t\t\t\t\t\t<\/div>\n\t\t\t\t<\/div>\n\t\t\t\t<div class=\"elementor-element elementor-element-a8c84b9 elementor-align-center elementor-widget elementor-widget-button\" data-id=\"a8c84b9\" data-element_type=\"widget\" data-e-type=\"widget\" data-widget_type=\"button.default\">\n\t\t\t\t<div class=\"elementor-widget-container\">\n\t\t\t\t\t\t\t\t\t<div class=\"elementor-button-wrapper\">\n\t\t\t\t\t<a class=\"elementor-button elementor-button-link elementor-size-sm\" href=\"\/en\/rendez-vous-wlmcanada\/\" id=\"contact-us-btn\">\n\t\t\t\t\t\t<span class=\"elementor-button-content-wrapper\">\n\t\t\t\t\t\t\t\t\t<span class=\"elementor-button-text\">MAKE AN APPOINTMENT<\/span>\n\t\t\t\t\t<\/span>\n\t\t\t\t\t<\/a>\n\t\t\t\t<\/div>\n\t\t\t\t\t\t\t\t<\/div>\n\t\t\t\t<\/div>\n\t\t\t\t\t<\/div>\n\t\t<\/div>\n\t\t\t\t\t<\/div>\n\t\t<\/section>\n\t\t\t\t<\/div>","protected":false},"excerpt":{"rendered":"<p>Mentions l\u00e9gales Le site www.wlmcanada.com (ci-apr\u00e8s le \u00ab site \u00bb) est \u00e9dit\u00e9 par WELCOME CANADA, experts en conseils, SIRET sous le num\u00e9ro [&hellip;]<\/p>\n","protected":false},"author":4,"featured_media":0,"parent":0,"menu_order":0,"comment_status":"closed","ping_status":"closed","template":"","meta":{"footnotes":""},"class_list":["post-875","page","type-page","status-publish","hentry"],"_links":{"self":[{"href":"https:\/\/wlmcanada.com\/en\/wp-json\/wp\/v2\/pages\/875","targetHints":{"allow":["GET"]}}],"collection":[{"href":"https:\/\/wlmcanada.com\/en\/wp-json\/wp\/v2\/pages"}],"about":[{"href":"https:\/\/wlmcanada.com\/en\/wp-json\/wp\/v2\/types\/page"}],"author":[{"embeddable":true,"href":"https:\/\/wlmcanada.com\/en\/wp-json\/wp\/v2\/users\/4"}],"replies":[{"embeddable":true,"href":"https:\/\/wlmcanada.com\/en\/wp-json\/wp\/v2\/comments?post=875"}],"version-history":[{"count":0,"href":"https:\/\/wlmcanada.com\/en\/wp-json\/wp\/v2\/pages\/875\/revisions"}],"wp:attachment":[{"href":"https:\/\/wlmcanada.com\/en\/wp-json\/wp\/v2\/media?parent=875"}],"curies":[{"name":"wp","href":"https:\/\/api.w.org\/{rel}","templated":true}]}}