{"id":424,"date":"2022-12-30T14:23:52","date_gmt":"2022-12-30T14:23:52","guid":{"rendered":"https:\/\/wlmcanada.com\/?page_id=424"},"modified":"2025-01-10T00:16:13","modified_gmt":"2025-01-10T00:16:13","slug":"blog-wlmcanada","status":"publish","type":"page","link":"https:\/\/wlmcanada.com\/en\/blog-wlmcanada\/","title":{"rendered":"Actualit\u00e9s"},"content":{"rendered":"<div data-elementor-type=\"wp-page\" data-elementor-id=\"424\" class=\"elementor elementor-424\" data-elementor-settings=\"{&quot;element_pack_global_tooltip_width&quot;:{&quot;unit&quot;:&quot;px&quot;,&quot;size&quot;:&quot;&quot;,&quot;sizes&quot;:[]},&quot;element_pack_global_tooltip_width_tablet&quot;:{&quot;unit&quot;:&quot;px&quot;,&quot;size&quot;:&quot;&quot;,&quot;sizes&quot;:[]},&quot;element_pack_global_tooltip_width_mobile&quot;:{&quot;unit&quot;:&quot;px&quot;,&quot;size&quot;:&quot;&quot;,&quot;sizes&quot;:[]},&quot;element_pack_global_tooltip_padding&quot;:{&quot;unit&quot;:&quot;px&quot;,&quot;top&quot;:&quot;&quot;,&quot;right&quot;:&quot;&quot;,&quot;bottom&quot;:&quot;&quot;,&quot;left&quot;:&quot;&quot;,&quot;isLinked&quot;:true},&quot;element_pack_global_tooltip_padding_tablet&quot;:{&quot;unit&quot;:&quot;px&quot;,&quot;top&quot;:&quot;&quot;,&quot;right&quot;:&quot;&quot;,&quot;bottom&quot;:&quot;&quot;,&quot;left&quot;:&quot;&quot;,&quot;isLinked&quot;:true},&quot;element_pack_global_tooltip_padding_mobile&quot;:{&quot;unit&quot;:&quot;px&quot;,&quot;top&quot;:&quot;&quot;,&quot;right&quot;:&quot;&quot;,&quot;bottom&quot;:&quot;&quot;,&quot;left&quot;:&quot;&quot;,&quot;isLinked&quot;:true},&quot;element_pack_global_tooltip_border_radius&quot;:{&quot;unit&quot;:&quot;px&quot;,&quot;top&quot;:&quot;&quot;,&quot;right&quot;:&quot;&quot;,&quot;bottom&quot;:&quot;&quot;,&quot;left&quot;:&quot;&quot;,&quot;isLinked&quot;:true},&quot;element_pack_global_tooltip_border_radius_tablet&quot;:{&quot;unit&quot;:&quot;px&quot;,&quot;top&quot;:&quot;&quot;,&quot;right&quot;:&quot;&quot;,&quot;bottom&quot;:&quot;&quot;,&quot;left&quot;:&quot;&quot;,&quot;isLinked&quot;:true},&quot;element_pack_global_tooltip_border_radius_mobile&quot;:{&quot;unit&quot;:&quot;px&quot;,&quot;top&quot;:&quot;&quot;,&quot;right&quot;:&quot;&quot;,&quot;bottom&quot;:&quot;&quot;,&quot;left&quot;:&quot;&quot;,&quot;isLinked&quot;:true}}\" data-elementor-post-type=\"page\">\n\t\t\t\t\t\t<div class=\"elementor-section elementor-top-section elementor-element elementor-element-31ec7ddd elementor-section-boxed elementor-section-height-default elementor-section-height-default\" data-id=\"31ec7ddd\" data-element_type=\"section\" data-e-type=\"section\" data-settings=\"{&quot;background_background&quot;:&quot;classic&quot;}\">\n\t\t\t\t\t\t\t<div class=\"elementor-background-overlay\"><\/div>\n\t\t\t\t\t\t\t<div class=\"elementor-container elementor-column-gap-default\">\n\t\t\t\t\t<div class=\"elementor-column elementor-col-100 elementor-top-column elementor-element elementor-element-69569419\" data-id=\"69569419\" data-element_type=\"column\" data-e-type=\"column\">\n\t\t\t<div class=\"elementor-widget-wrap elementor-element-populated\">\n\t\t\t\t\t\t<div class=\"elementor-element elementor-element-260bf92d elementor-widget elementor-widget-heading\" data-id=\"260bf92d\" data-element_type=\"widget\" data-e-type=\"widget\" data-widget_type=\"heading.default\">\n\t\t\t\t<div class=\"elementor-widget-container\">\n\t\t\t\t\t<h1 class=\"elementor-heading-title elementor-size-default\">Actualit\u00e9s<\/h1>\t\t\t\t<\/div>\n\t\t\t\t<\/div>\n\t\t\t\t<div class=\"elementor-element elementor-element-7ab1c563 elementor-widget__width-initial elementor-widget-tablet__width-initial elementor-widget-mobile__width-inherit elementor-widget elementor-widget-text-editor\" data-id=\"7ab1c563\" data-element_type=\"widget\" data-e-type=\"widget\" data-widget_type=\"text-editor.default\">\n\t\t\t\t<div class=\"elementor-widget-container\">\n\t\t\t\t\t\t\t\t\t<p>L&rsquo;actualit\u00e9\u00a0en\u00a0immigration canadienne!<\/p>\n<p>Les experts de Welcome Canada se tiennent inform\u00e9s en temps r\u00e9el pour vous fournir un acc\u00e8s complet aux informations dont vous avez besoin.<\/p>\t\t\t\t\t\t\t\t<\/div>\n\t\t\t\t<\/div>\n\t\t\t\t\t<\/div>\n\t\t<\/div>\n\t\t\t\t\t<\/div>\n\t\t<\/div>\n\t\t\t\t<div class=\"elementor-section elementor-top-section elementor-element elementor-element-40a08270 elementor-section-boxed elementor-section-height-default elementor-section-height-default\" data-id=\"40a08270\" data-element_type=\"section\" data-e-type=\"section\">\n\t\t\t\t\t\t<div class=\"elementor-container elementor-column-gap-default\">\n\t\t\t\t\t<div class=\"elementor-column elementor-col-100 elementor-top-column elementor-element elementor-element-332cb061\" data-id=\"332cb061\" data-element_type=\"column\" data-e-type=\"column\">\n\t\t\t<div class=\"elementor-widget-wrap elementor-element-populated\">\n\t\t\t\t\t\t<div class=\"elementor-element elementor-element-2a461bd1 elementor-widget elementor-widget-uicore-post-grid\" data-id=\"2a461bd1\" data-element_type=\"widget\" data-e-type=\"widget\" data-widget_type=\"uicore-post-grid.default\">\n\t\t\t\t<div class=\"elementor-widget-container\">\n\t\t\t\t\t<div class=\"uicore-grid-container uicore-blog-grid uicore-grid-row uicore-grid uicore-landscape-ratio uicore-large-space animate-3 ui-st-simple uicore-blog-widget\">\n            <div class=\"uicore-grid-item uicore-col-md-6 uicore-col-lg-4  uicore-zoom uicore-animate post-2276 post type-post status-publish format-standard has-post-thumbnail hentry category-uncategorized\" >\n                <article class=\"uicore-post\">\n                    <div class=\"uicore-post-wrapper\">\n\n                        <a href=\"https:\/\/wlmcanada.com\/en\/reformes-des-programmes-dimmigration-au-quebec\/\" title=\" View Post: R\u00e9formes des programmes d&rsquo;immigration au Qu\u00e9bec\" >  <div class=\"uicore-blog-img-container uicore-zoom-wrapper\">\n                                            <div class=\"uicore-cover-img\" style=\"background-image: url(https:\/\/wlmcanada.com\/wp-content\/uploads\/2025\/01\/pexels-enrique-2887577-501x650.jpg)\"><\/div>\n                                        <\/div><\/a>\n                        <div class=\"uicore-post-info\">\n                            <div class=\"uicore-post-info-wrapper\">\n                                <a href=\"https:\/\/wlmcanada.com\/en\/reformes-des-programmes-dimmigration-au-quebec\/\" title=\"View Post: R\u00e9formes des programmes d&rsquo;immigration au Qu\u00e9bec \">                              <h4 class=\"uicore-post-title\"><span>R\u00e9formes des programmes d&rsquo;immigration au Qu\u00e9bec<\/span><\/h4>\n                              <\/a><div class=\"uicore-post-footer uicore-body\"><span>17\/01\/2025<\/span><\/div>                            <\/div>\n                        <\/div>\n\n                    <\/div>\n                <\/article>\n            <\/div>\n        \n            <div class=\"uicore-grid-item uicore-col-md-6 uicore-col-lg-4  uicore-zoom uicore-animate post-2272 post type-post status-publish format-standard has-post-thumbnail hentry category-uncategorized\" >\n                <article class=\"uicore-post\">\n                    <div class=\"uicore-post-wrapper\">\n\n                        <a href=\"https:\/\/wlmcanada.com\/en\/nouvelles-regles-pour-les-permis-de-travail-des-conjoints-accompagnants\/\" title=\" View Post: Nouvelles r\u00e8gles pour les permis de travail des conjoints accompagnants\" >  <div class=\"uicore-blog-img-container uicore-zoom-wrapper\">\n                                            <div class=\"uicore-cover-img\" style=\"background-image: url(https:\/\/wlmcanada.com\/wp-content\/uploads\/2022\/12\/pexels-agung-pandit-wiguna-1128317-650x545.jpeg)\"><\/div>\n                                        <\/div><\/a>\n                        <div class=\"uicore-post-info\">\n                            <div class=\"uicore-post-info-wrapper\">\n                                <a href=\"https:\/\/wlmcanada.com\/en\/nouvelles-regles-pour-les-permis-de-travail-des-conjoints-accompagnants\/\" title=\"View Post: Nouvelles r\u00e8gles pour les permis de travail des conjoints accompagnants \">                              <h4 class=\"uicore-post-title\"><span>Nouvelles r\u00e8gles pour les permis de travail des conjoints accompagnants<\/span><\/h4>\n                              <\/a><div class=\"uicore-post-footer uicore-body\"><span>17\/01\/2025<\/span><\/div>                            <\/div>\n                        <\/div>\n\n                    <\/div>\n                <\/article>\n            <\/div>\n        \n            <div class=\"uicore-grid-item uicore-col-md-6 uicore-col-lg-4  uicore-zoom uicore-animate post-2270 post type-post status-publish format-standard has-post-thumbnail hentry category-uncategorized\" >\n                <article class=\"uicore-post\">\n                    <div class=\"uicore-post-wrapper\">\n\n                        <a href=\"https:\/\/wlmcanada.com\/en\/changements-dans-le-systeme-entree-express\/\" title=\" View Post: Changements dans le syst\u00e8me Entr\u00e9e Express\" >  <div class=\"uicore-blog-img-container uicore-zoom-wrapper\">\n                                            <div class=\"uicore-cover-img\" style=\"background-image: url(https:\/\/wlmcanada.com\/wp-content\/uploads\/2022\/12\/Visiteur-520x650.jpeg)\"><\/div>\n                                        <\/div><\/a>\n                        <div class=\"uicore-post-info\">\n                            <div class=\"uicore-post-info-wrapper\">\n                                <a href=\"https:\/\/wlmcanada.com\/en\/changements-dans-le-systeme-entree-express\/\" title=\"View Post: Changements dans le syst\u00e8me Entr\u00e9e Express \">                              <h4 class=\"uicore-post-title\"><span>Changements dans le syst\u00e8me Entr\u00e9e Express<\/span><\/h4>\n                              <\/a><div class=\"uicore-post-footer uicore-body\"><span>17\/01\/2025<\/span><\/div>                            <\/div>\n                        <\/div>\n\n                    <\/div>\n                <\/article>\n            <\/div>\n        \n            <div class=\"uicore-grid-item uicore-col-md-6 uicore-col-lg-4  uicore-zoom uicore-animate post-1012 post type-post status-publish format-standard has-post-thumbnail hentry category-uncategorized\" >\n                <article class=\"uicore-post\">\n                    <div class=\"uicore-post-wrapper\">\n\n                        <a href=\"https:\/\/wlmcanada.com\/en\/etudier-et-travailler-sans-limite-de-temps-cest-faisable\/\" title=\" View Post: \u00c9tudier et travailler sans limite de temps c\u2019est faisable !\" >  <div class=\"uicore-blog-img-container uicore-zoom-wrapper\">\n                                            <div class=\"uicore-cover-img\" style=\"background-image: url(https:\/\/wlmcanada.com\/wp-content\/uploads\/2023\/01\/Actualites-2-433x650.jpeg)\"><\/div>\n                                        <\/div><\/a>\n                        <div class=\"uicore-post-info\">\n                            <div class=\"uicore-post-info-wrapper\">\n                                <a href=\"https:\/\/wlmcanada.com\/en\/etudier-et-travailler-sans-limite-de-temps-cest-faisable\/\" title=\"View Post: \u00c9tudier et travailler sans limite de temps c\u2019est faisable ! \">                              <h4 class=\"uicore-post-title\"><span>\u00c9tudier et travailler sans limite de temps c\u2019est faisable !<\/span><\/h4>\n                              <\/a><div class=\"uicore-post-footer uicore-body\"><span>06\/01\/2023<\/span><\/div>                            <\/div>\n                        <\/div>\n\n                    <\/div>\n                <\/article>\n            <\/div>\n        \n            <div class=\"uicore-grid-item uicore-col-md-6 uicore-col-lg-4  uicore-zoom uicore-animate post-430 post type-post status-publish format-standard has-post-thumbnail hentry category-uncategorized\" >\n                <article class=\"uicore-post\">\n                    <div class=\"uicore-post-wrapper\">\n\n                        <a href=\"https:\/\/wlmcanada.com\/en\/etudier-gratuitement-au-canada-en-2023-cest-possible\/\" title=\" View Post: \u00c9tudier gratuitement au Canada en 2023, c\u2019est possible!\" >  <div class=\"uicore-blog-img-container uicore-zoom-wrapper\">\n                                            <div class=\"uicore-cover-img\" style=\"background-image: url(https:\/\/wlmcanada.com\/wp-content\/uploads\/2022\/12\/Actualites-3-477x650.jpeg)\"><\/div>\n                                        <\/div><\/a>\n                        <div class=\"uicore-post-info\">\n                            <div class=\"uicore-post-info-wrapper\">\n                                <a href=\"https:\/\/wlmcanada.com\/en\/etudier-gratuitement-au-canada-en-2023-cest-possible\/\" title=\"View Post: \u00c9tudier gratuitement au Canada en 2023, c\u2019est possible! \">                              <h4 class=\"uicore-post-title\"><span>\u00c9tudier gratuitement au Canada en 2023, c\u2019est possible!<\/span><\/h4>\n                              <\/a><div class=\"uicore-post-footer uicore-body\"><span>30\/12\/2022<\/span><\/div>                            <\/div>\n                        <\/div>\n\n                    <\/div>\n                <\/article>\n            <\/div>\n        \n            <div class=\"uicore-grid-item uicore-col-md-6 uicore-col-lg-4  uicore-zoom uicore-animate post-1 post type-post status-publish format-standard has-post-thumbnail hentry category-uncategorized\" >\n                <article class=\"uicore-post\">\n                    <div class=\"uicore-post-wrapper\">\n\n                        <a href=\"https:\/\/wlmcanada.com\/en\/experience-internationale-canada-2023-le-tirage-au-sort-cest-maintenant\/\" title=\" View Post: Exp\u00e9rience Internationale Canada\u00a02023\u00a0: le tirage au sort c\u2019est maintenant!\" >  <div class=\"uicore-blog-img-container uicore-zoom-wrapper\">\n                                            <div class=\"uicore-cover-img\" style=\"background-image: url(https:\/\/wlmcanada.com\/wp-content\/uploads\/2022\/12\/Actualites-1--433x650.jpeg)\"><\/div>\n                                        <\/div><\/a>\n                        <div class=\"uicore-post-info\">\n                            <div class=\"uicore-post-info-wrapper\">\n                                <a href=\"https:\/\/wlmcanada.com\/en\/experience-internationale-canada-2023-le-tirage-au-sort-cest-maintenant\/\" title=\"View Post: Exp\u00e9rience Internationale Canada\u00a02023\u00a0: le tirage au sort c\u2019est maintenant! \">                              <h4 class=\"uicore-post-title\"><span>Exp\u00e9rience Internationale Canada\u00a02023\u00a0: le tirage au sort c\u2019est maintenant!<\/span><\/h4>\n                              <\/a><div class=\"uicore-post-footer uicore-body\"><span>26\/12\/2022<\/span><\/div>                            <\/div>\n                        <\/div>\n\n                    <\/div>\n                <\/article>\n            <\/div>\n        <\/div>\t\t\t\t<\/div>\n\t\t\t\t<\/div>\n\t\t\t\t\t<\/div>\n\t\t<\/div>\n\t\t\t\t\t<\/div>\n\t\t<\/div>\n\t\t\t\t<section class=\"elementor-section elementor-top-section elementor-element elementor-element-eef13e5 elementor-section-boxed elementor-section-height-default elementor-section-height-default\" data-id=\"eef13e5\" data-element_type=\"section\" data-e-type=\"section\" data-settings=\"{&quot;background_background&quot;:&quot;classic&quot;}\">\n\t\t\t\t\t\t<div class=\"elementor-container elementor-column-gap-default\">\n\t\t\t\t\t<div class=\"elementor-column elementor-col-100 elementor-top-column elementor-element elementor-element-3bd3275\" data-id=\"3bd3275\" data-element_type=\"column\" data-e-type=\"column\">\n\t\t\t<div class=\"elementor-widget-wrap elementor-element-populated\">\n\t\t\t\t\t\t<div class=\"elementor-element elementor-element-d191e40 elementor-widget__width-initial elementor-widget-mobile__width-inherit elementor-widget-tablet__width-initial  ui-split-animate ui-splitby-chars elementor-widget elementor-widget-heading\" data-id=\"d191e40\" data-element_type=\"widget\" data-e-type=\"widget\" data-settings=\"{&quot;ui_animate_split&quot;:&quot;ui-split-animate&quot;,&quot;ui_animate_split_by&quot;:&quot;chars&quot;,&quot;ui_animate_split_style&quot;:&quot;fadeInUp&quot;}\" data-widget_type=\"heading.default\">\n\t\t\t\t<div class=\"elementor-widget-container\">\n\t\t\t\t\t<h2 class=\"elementor-heading-title elementor-size-default\">Let's talk about your project<\/h2>\t\t\t\t<\/div>\n\t\t\t\t<\/div>\n\t\t\t\t<div class=\"elementor-element elementor-element-e246421 elementor-widget elementor-widget-spacer\" data-id=\"e246421\" data-element_type=\"widget\" data-e-type=\"widget\" data-widget_type=\"spacer.default\">\n\t\t\t\t<div class=\"elementor-widget-container\">\n\t\t\t\t\t\t\t<div class=\"elementor-spacer\">\n\t\t\t<div class=\"elementor-spacer-inner\"><\/div>\n\t\t<\/div>\n\t\t\t\t\t\t<\/div>\n\t\t\t\t<\/div>\n\t\t\t\t<div class=\"elementor-element elementor-element-5217e6c elementor-widget__width-inherit elementor-widget-mobile__width-inherit elementor-widget elementor-widget-text-editor\" data-id=\"5217e6c\" data-element_type=\"widget\" data-e-type=\"widget\" data-widget_type=\"text-editor.default\">\n\t\t\t\t<div class=\"elementor-widget-container\">\n\t\t\t\t\t\t\t\t\t<p><strong>Individuals and businesses: Take the lead!<\/strong><br \/>Que vous r\u00eaviez de vous \u00e9tablir au Canada ou que vous cherchiez \u00e0 renforcer votre \u00e9quipe avec des talents qualifi\u00e9s, notre expertise est l\u00e0 pour vous. Prenez rendez-vous d\u00e8s aujourd\u2019hui et b\u00e9n\u00e9ficiez d\u2019un accompagnement personnalis\u00e9 \u00e0 chaque \u00e9tape de votre projet. Ne laissez pas vos opportunit\u00e9s attendre\u202f: cliquez ici pour commencer !<\/p>\t\t\t\t\t\t\t\t<\/div>\n\t\t\t\t<\/div>\n\t\t\t\t<div class=\"elementor-element elementor-element-f8a8569 elementor-align-center elementor-widget__width-auto elementor-widget elementor-widget-button\" data-id=\"f8a8569\" data-element_type=\"widget\" data-e-type=\"widget\" data-widget_type=\"button.default\">\n\t\t\t\t<div class=\"elementor-widget-container\">\n\t\t\t\t\t\t\t\t\t<div class=\"elementor-button-wrapper\">\n\t\t\t\t\t<a class=\"elementor-button elementor-button-link elementor-size-sm\" href=\"https:\/\/wlmcanada.com\/en\/rendez-vous-wlmcanada\/\" id=\"contact-us-btn\">\n\t\t\t\t\t\t<span class=\"elementor-button-content-wrapper\">\n\t\t\t\t\t\t\t\t\t<span class=\"elementor-button-text\">INDIVIDUALS APPOINTMENT<\/span>\n\t\t\t\t\t<\/span>\n\t\t\t\t\t<\/a>\n\t\t\t\t<\/div>\n\t\t\t\t\t\t\t\t<\/div>\n\t\t\t\t<\/div>\n\t\t\t\t<div class=\"elementor-element elementor-element-94c8d07 elementor-align-center elementor-widget__width-auto elementor-widget elementor-widget-button\" data-id=\"94c8d07\" data-element_type=\"widget\" data-e-type=\"widget\" data-widget_type=\"button.default\">\n\t\t\t\t<div class=\"elementor-widget-container\">\n\t\t\t\t\t\t\t\t\t<div class=\"elementor-button-wrapper\">\n\t\t\t\t\t<a class=\"elementor-button elementor-button-link elementor-size-sm\" href=\"https:\/\/wlmcanada.com\/en\/rendez-vous-entreprise\/\" id=\"contact-us-btn\">\n\t\t\t\t\t\t<span class=\"elementor-button-content-wrapper\">\n\t\t\t\t\t\t\t\t\t<span class=\"elementor-button-text\">BUSINESS APPOINTMENT<\/span>\n\t\t\t\t\t<\/span>\n\t\t\t\t\t<\/a>\n\t\t\t\t<\/div>\n\t\t\t\t\t\t\t\t<\/div>\n\t\t\t\t<\/div>\n\t\t\t\t\t<\/div>\n\t\t<\/div>\n\t\t\t\t\t<\/div>\n\t\t<\/section>\n\t\t\t\t<\/div>","protected":false},"excerpt":{"rendered":"<p>Actualit\u00e9s L&rsquo;actualit\u00e9\u00a0en\u00a0immigration canadienne! Les experts de Welcome Canada se tiennent inform\u00e9s en temps r\u00e9el pour vous fournir un acc\u00e8s complet aux informations [&hellip;]<\/p>\n","protected":false},"author":4,"featured_media":0,"parent":0,"menu_order":0,"comment_status":"closed","ping_status":"closed","template":"","meta":{"footnotes":""},"class_list":["post-424","page","type-page","status-publish","hentry"],"_links":{"self":[{"href":"https:\/\/wlmcanada.com\/en\/wp-json\/wp\/v2\/pages\/424","targetHints":{"allow":["GET"]}}],"collection":[{"href":"https:\/\/wlmcanada.com\/en\/wp-json\/wp\/v2\/pages"}],"about":[{"href":"https:\/\/wlmcanada.com\/en\/wp-json\/wp\/v2\/types\/page"}],"author":[{"embeddable":true,"href":"https:\/\/wlmcanada.com\/en\/wp-json\/wp\/v2\/users\/4"}],"replies":[{"embeddable":true,"href":"https:\/\/wlmcanada.com\/en\/wp-json\/wp\/v2\/comments?post=424"}],"version-history":[{"count":0,"href":"https:\/\/wlmcanada.com\/en\/wp-json\/wp\/v2\/pages\/424\/revisions"}],"wp:attachment":[{"href":"https:\/\/wlmcanada.com\/en\/wp-json\/wp\/v2\/media?parent=424"}],"curies":[{"name":"wp","href":"https:\/\/api.w.org\/{rel}","templated":true}]}}